{"id":4735,"date":"2025-10-08T17:59:47","date_gmt":"2025-10-08T15:59:47","guid":{"rendered":"https:\/\/www.bathart.net\/WordPress\/?page_id=4735"},"modified":"2025-10-08T18:26:20","modified_gmt":"2025-10-08T16:26:20","slug":"informations-pratiques","status":"publish","type":"page","link":"http:\/\/www.bathart.net\/WordPress\/informations-pratiques\/","title":{"rendered":"INFORMATIONS PRATIQUES"},"content":{"rendered":"\n<p class=\"has-text-align-center\"><strong><em><mark style=\"background-color:rgba(0, 0, 0, 0)\" class=\"has-inline-color has-vivid-purple-color\">Bonjour \u00e0 toi, actuel.le ou futur.e adh\u00e9rent.e !<\/mark><\/em><\/strong><\/p>\n\n\n\n<p>Si tu souhaites rejoindre l&rsquo;association et int\u00e9grer l&rsquo;\u00e9quipe des bathartien.ne.s orl\u00e9anai.se.s pour l&rsquo;ann\u00e9e \u00e0 venir, alors clique :<\/p>\n\n\n\n<p class=\"has-text-align-center\"><mark style=\"background-color:rgba(0, 0, 0, 0)\" class=\"has-inline-color has-vivid-red-color\"><strong><a href=\"https:\/\/docs.google.com\/forms\/d\/e\/1FAIpQLScHZgqSCWATHqUvtwTrtvIgoA2g6J47C9l4owX1YvJCBBii4A\/viewform?fbclid=PAT01DUANTJgdleHRuA2FlbQIxMAABp_zeaIrNSspy1K3ps0TuF78nuqKlJ3GXslg7BgP24eTOvYuJ1cVBhcRyQj3W_aem_26IBCYFHnSTR2EDT2Dzfgw\">ICI<\/a><\/strong><\/mark><\/p>\n\n\n\n<p>En devenant adh\u00e9rent.e de l&rsquo;association tu pourras jouer dans une pi\u00e8ce, participer \u00e0 tous les ateliers com\u00e9diens, prendre part aux sorties pr\u00e9vues dans l&rsquo;ann\u00e9e, assister aux diff\u00e9rentes repr\u00e9sentations, proposer et monter des projets et surtout prendre confiance en toi et t&rsquo;amuser en bonne compagnie dans un climat de bienveillance, d&rsquo;\u00e9coute, de cr\u00e9ativit\u00e9 et de respect !<\/p>\n\n\n\n<p>Pour la modique somme de 50 euros tu pourras vivre pendant un an cette belle aventure \u00e0 nos c\u00f4t\u00e9s ! Et si tu es \u00e9tudiant.e, en recherche d&#8217;emploi ou en situation de handicap tu b\u00e9n\u00e9ficies d&rsquo;une r\u00e9duction de 70% avec une adh\u00e9sion de seulement 15 euros. <\/p>\n\n\n\n<p class=\"has-text-align-center\"><strong><em><mark style=\"background-color:rgba(0, 0, 0, 0)\" class=\"has-inline-color has-vivid-purple-color\">N&rsquo;attends plus et rejoins nous !<\/mark><\/em><\/strong><\/p>\n\n\n\n<div style=\"height:60px\" aria-hidden=\"true\" class=\"wp-block-spacer\"><\/div>\n\n\n\n<p><strong><mark style=\"background-color:rgba(0, 0, 0, 0)\" class=\"has-inline-color has-luminous-vivid-orange-color\">Pour nous contacter :<\/mark><\/strong><\/p>\n\n\n\n<p><strong>Adresse mail<\/strong> : associationbathart@gmail.com<\/p>\n\n\n\n<p>Instagram : <a href=\"https:\/\/www.instagram.com\/bathart_orleans\/\">bathart_orleans<\/a><\/p>\n\n\n\n<p>Facebook : <a href=\"https:\/\/www.facebook.com\/Bathart\/about?locale=fr_FR\">Bath&rsquo;art<\/a><\/p>\n\n\n\n<p><strong><mark style=\"background-color:rgba(0, 0, 0, 0)\" class=\"has-inline-color has-luminous-vivid-orange-color\">Pour nous trouver : <\/mark><\/strong><\/p>\n\n\n\n<p>Rendez-vous \u00e0 20h00 en Hall de Sciences de l&rsquo;Universit\u00e9 d&rsquo;Orl\u00e9ans (Batiment EGS, 5 rue de Chartres) chaque mercredi soir pour un Atelier Com\u00e9dien.<\/p>\n","protected":false},"excerpt":{"rendered":"<p>Bonjour \u00e0 toi, actuel.le ou futur.e adh\u00e9rent.e ! Si tu souhaites rejoindre l&rsquo;association et int\u00e9grer l&rsquo;\u00e9quipe des bathartien.ne.s orl\u00e9anai.se.s pour l&rsquo;ann\u00e9e \u00e0 venir, alors clique : ICI En devenant adh\u00e9rent.e de l&rsquo;association tu pourras jouer dans une pi\u00e8ce, participer \u00e0 tous les ateliers com\u00e9diens, prendre part aux sorties pr\u00e9vues dans l&rsquo;ann\u00e9e, assister aux diff\u00e9rentes repr\u00e9sentations, [&hellip;]<\/p>\n","protected":false},"author":6,"featured_media":0,"parent":0,"menu_order":0,"comment_status":"closed","ping_status":"closed","template":"","meta":{"footnotes":""},"class_list":["post-4735","page","type-page","status-publish","hentry"],"_links":{"self":[{"href":"http:\/\/www.bathart.net\/WordPress\/wp-json\/wp\/v2\/pages\/4735","targetHints":{"allow":["GET"]}}],"collection":[{"href":"http:\/\/www.bathart.net\/WordPress\/wp-json\/wp\/v2\/pages"}],"about":[{"href":"http:\/\/www.bathart.net\/WordPress\/wp-json\/wp\/v2\/types\/page"}],"author":[{"embeddable":true,"href":"http:\/\/www.bathart.net\/WordPress\/wp-json\/wp\/v2\/users\/6"}],"replies":[{"embeddable":true,"href":"http:\/\/www.bathart.net\/WordPress\/wp-json\/wp\/v2\/comments?post=4735"}],"version-history":[{"count":5,"href":"http:\/\/www.bathart.net\/WordPress\/wp-json\/wp\/v2\/pages\/4735\/revisions"}],"predecessor-version":[{"id":4742,"href":"http:\/\/www.bathart.net\/WordPress\/wp-json\/wp\/v2\/pages\/4735\/revisions\/4742"}],"wp:attachment":[{"href":"http:\/\/www.bathart.net\/WordPress\/wp-json\/wp\/v2\/media?parent=4735"}],"curies":[{"name":"wp","href":"https:\/\/api.w.org\/{rel}","templated":true}]}}