{"id":3387,"date":"2019-10-26T17:59:56","date_gmt":"2019-10-26T15:59:56","guid":{"rendered":"https:\/\/www.bathart.net\/WordPress\/home\/"},"modified":"2026-04-09T20:35:18","modified_gmt":"2026-04-09T18:35:18","slug":"home","status":"publish","type":"page","link":"http:\/\/www.bathart.net\/WordPress\/","title":{"rendered":"Bath\u2019art, c\u2019est une association de th\u00e9\u00e2tre fond\u00e9e par 5 \u00e9tudiant.e.s en 1990\u2026"},"content":{"rendered":"\r\n<h1 class=\"wp-block-heading\">R\u00e9servations<\/h1>\r\n<p>R\u00e9server vos places pour notre prochain spectacle ! _____________________________________________________________________________________<\/p>\r\n<p class=\"wp-block-heading\"><img decoding=\"async\" class=\"wp-image-4775 alignleft\" src=\"https:\/\/www.bathart.net\/WordPress\/wp-content\/uploads\/A3-HD_page-0001.jpg\" alt=\"\" width=\"123\" height=\"40\" srcset=\"https:\/\/www.bathart.net\/WordPress\/wp-content\/uploads\/A3-HD_page-0001.jpg 997w, https:\/\/www.bathart.net\/WordPress\/wp-content\/uploads\/A3-HD_page-0001-600x196.jpg 600w, https:\/\/www.bathart.net\/WordPress\/wp-content\/uploads\/A3-HD_page-0001-200x65.jpg 200w\" sizes=\"(max-width: 123px) 100vw, 123px\" \/><strong>Repr\u00e9sentations du 17 et 18 avril \u00e0 20h et le 19 avril \u00e0 16h<\/strong> : <a href=\"https:\/\/www.bathart.net\/WordPress\/une-copro-pas-comme-les-autres\/\" target=\"_blank\" rel=\"noopener\"><em>Une Copro pas comme les autres<\/em><\/a>, \u00e9crite par Niko et mise en sc\u00e8ne par Fanny Boisron et Nicolas Leboucher &#8211; 2025\/2026.<\/p>\r\n<p class=\"wp-block-heading\"><span style=\"font-weight: 400;\"> <a class=\"shop_frame\" title=\"Vente de billets en ligne\" href=\"https:\/\/www.billetweb.fr\/shop.php?event=une-copro-pas-comme-les-autres1\" target=\"_blank\" rel=\"noopener\" data-src=\"https:\/\/www.billetweb.fr\/shop.php?event=une-copro-pas-comme-les-autres1\" data-max-width=\"100%\" data-initial-height=\"600\" data-scrolling=\"no\" data-id=\"une-copro-pas-comme-les-autres1\" data-resize=\"1\">Vente de billets en ligne<\/a><script src=\"https:\/\/www.billetweb.fr\/js\/export.js\" type=\"text\/javascript\"><\/script>_____________________________________________________________________________________<\/span><\/p>\r\n<p>\r\n\r\n<\/p>\r\n<p>\u00c0 l\u2019origine, Bath\u2019art \u00e9tait un journal !\u2026 puis rapidement\u2026 nous nous sommes de plus en plus consacr\u00e9s au th\u00e9\u00e2tre. Aujourd\u2019hui Bath\u2019art est une association qui rassemble\u00a0<strong>tous les profils<\/strong>\u00a0: des \u00e9tudiant(e)s, mais aussi des adultes non-\u00e9tudiant(e)s, des d\u00e9butant(e)s et des personnes plus exp\u00e9riment\u00e9es. Cette diversit\u00e9 permet les rencontres, le partage et la cr\u00e9ation.<\/p>\r\n\r\n\r\n<div class=\"wp-block-image\">\r\n<figure class=\"alignleft\"><a href=\"https:\/\/www.bathart.net\/WordPress\/cropped-bathart-jpg-sans-inscription-1-jpg\/\"><img decoding=\"async\" width=\"150\" height=\"150\" class=\"wp-image-2908\" src=\"https:\/\/www.bathart.net\/WordPress\/wp-content\/uploads\/cropped-BathArt-jpg-sans-inscription-1-150x150.jpg\" alt=\"\" srcset=\"https:\/\/www.bathart.net\/WordPress\/wp-content\/uploads\/cropped-BathArt-jpg-sans-inscription-1-150x150.jpg 150w, https:\/\/www.bathart.net\/WordPress\/wp-content\/uploads\/cropped-BathArt-jpg-sans-inscription-1-300x300.jpg 300w, https:\/\/www.bathart.net\/WordPress\/wp-content\/uploads\/cropped-BathArt-jpg-sans-inscription-1-270x270.jpg 270w, https:\/\/www.bathart.net\/WordPress\/wp-content\/uploads\/cropped-BathArt-jpg-sans-inscription-1-192x192.jpg 192w, https:\/\/www.bathart.net\/WordPress\/wp-content\/uploads\/cropped-BathArt-jpg-sans-inscription-1-180x180.jpg 180w, https:\/\/www.bathart.net\/WordPress\/wp-content\/uploads\/cropped-BathArt-jpg-sans-inscription-1-32x32.jpg 32w, https:\/\/www.bathart.net\/WordPress\/wp-content\/uploads\/cropped-BathArt-jpg-sans-inscription-1.jpg 512w\" sizes=\"(max-width: 150px) 100vw, 150px\" \/><\/a><\/figure>\r\n<\/div>\r\n\r\n\r\n<p><strong><em>\u00ab\u00a0Toujours en \u00e9volution, Bath\u2019art est un \u00e9l\u00e9ment central de la Culture orl\u00e9anaise\u00a0 \u00bb<\/em><\/strong><\/p>\r\n\r\n\r\n\r\n<p>De la trag\u00e9die au vaudeville, du th\u00e9\u00e2tre contemporain \u00e0 la com\u00e9die musicale, de la cr\u00e9ation au texte d\u2019auteur, Bath\u2019art ne recule devant rien et s\u2019attaque \u00e0 toutes les formes de th\u00e9\u00e2tre. Durant toutes ces ann\u00e9es, Bath\u2019art a produit et diffus\u00e9 dans toute la M\u00e9tropole d\u2019Orl\u00e9ans (Th\u00e9\u00e2tre G\u00e9rard Philippe, Le Bouillon, MAM\u2026) et m\u00eame dans les villes alentour. Alors qui sait ce que l\u2019avenir nous r\u00e9serve.<\/p>\r\n\r\n\r\n\r\n<p>Si Bath\u2019art a pour vocation premi\u00e8re de produire des spectacles, la compagnie se veut aussi de<strong>\u00a0former des com\u00e9diens, maquilleurs ou encore des techniciens.<\/strong>\u00a0Gr\u00e2ce \u00e0 ces nombreux partenariats, Bath\u2019art donne l\u2019opportunit\u00e9 aux \u00e9tudiant(e)s, orl\u00e9anais(es), ou tout simplement \u00e0 toute personne d\u00e9sireuse de se former aux techniques du th\u00e9\u00e2tre de participer \u00e0 de nombreux ateliers :ateliers com\u00e9dien, \u00e9criture, maquillage, vid\u00e9o, technique\u2026 Selon les ann\u00e9es, nos activit\u00e9s varient.<\/p>\r\n\r\n\r\n\r\n<p>Et le meilleur dans tout \u00e7a c\u2019est que chacun peut monter son projet, chacun peut d\u00e9cider de cr\u00e9er, et l\u2019association fournit tout ce qu\u2019il faut pour r\u00e9aliser ce projet.<\/p>\r\n\r\n\r\n\r\n<p>Vous en connaissez maintenant d\u2019avantage sur nous\u2026 mais nous ne vous avons pas encore tout dit ! alors, n\u2019h\u00e9sitez plus \u00e0\u00a0nous rendre visite\u00a0ou \u00e0\u00a0nous contacter.<\/p>\r\n<p class=\"wp-block-heading\"><span style=\"font-weight: 400;\">_____________________________________________________________________________________<\/span><\/p>\r\n\r\n\r\n\r\n<h1 class=\"wp-block-heading\">Actualit\u00e9s<\/h1>\r\n\r\n\r\n\r\n<div class=\"wp-block-columns is-layout-flex wp-container-core-columns-is-layout-9d6595d7 wp-block-columns-is-layout-flex\">\r\n<div class=\"wp-block-column is-layout-flow wp-block-column-is-layout-flow\" style=\"flex-basis: 100%;\"><ul class=\"wp-block-latest-posts__list wp-block-latest-posts\"><li><a class=\"wp-block-latest-posts__post-title\" href=\"http:\/\/www.bathart.net\/WordPress\/une-copro-pas-comme-les-autres-bientot-a-la-mam\/\">Une copro pas comme les autres bient\u00f4t \u00e0 la MAM !<\/a><\/li>\n<li><a class=\"wp-block-latest-posts__post-title\" href=\"http:\/\/www.bathart.net\/WordPress\/barthart-x-qvls-une-copro-pas-comme-les-autres-jouee-dans-le-cadre-du-telethon-le-18-mars-2026\/\">Barth&rsquo;Art x QVLS : Une Copro pas comme les autres jou\u00e9e dans le cadre du t\u00e9l\u00e9thon le 18 mars 2026<\/a><\/li>\n<\/ul><\/div>\r\n<\/div>\r\n\r\n\r\n\r\n<p>&nbsp;<\/p>\r\n","protected":false},"excerpt":{"rendered":"<p>R\u00e9servations R\u00e9server vos places pour notre prochain spectacle ! _____________________________________________________________________________________ Repr\u00e9sentations du 17 et 18 avril \u00e0 20h et le 19 avril \u00e0 16h : Une Copro pas comme les autres, \u00e9crite par Niko et mise en sc\u00e8ne par Fanny Boisron et Nicolas Leboucher &#8211; 2025\/2026. Vente de billets en ligne_____________________________________________________________________________________ \u00c0 l\u2019origine, Bath\u2019art \u00e9tait [&hellip;]<\/p>\n","protected":false},"author":6,"featured_media":0,"parent":0,"menu_order":0,"comment_status":"closed","ping_status":"closed","template":"","meta":{"footnotes":""},"class_list":["post-3387","page","type-page","status-publish","hentry"],"_links":{"self":[{"href":"http:\/\/www.bathart.net\/WordPress\/wp-json\/wp\/v2\/pages\/3387","targetHints":{"allow":["GET"]}}],"collection":[{"href":"http:\/\/www.bathart.net\/WordPress\/wp-json\/wp\/v2\/pages"}],"about":[{"href":"http:\/\/www.bathart.net\/WordPress\/wp-json\/wp\/v2\/types\/page"}],"author":[{"embeddable":true,"href":"http:\/\/www.bathart.net\/WordPress\/wp-json\/wp\/v2\/users\/6"}],"replies":[{"embeddable":true,"href":"http:\/\/www.bathart.net\/WordPress\/wp-json\/wp\/v2\/comments?post=3387"}],"version-history":[{"count":412,"href":"http:\/\/www.bathart.net\/WordPress\/wp-json\/wp\/v2\/pages\/3387\/revisions"}],"predecessor-version":[{"id":4874,"href":"http:\/\/www.bathart.net\/WordPress\/wp-json\/wp\/v2\/pages\/3387\/revisions\/4874"}],"wp:attachment":[{"href":"http:\/\/www.bathart.net\/WordPress\/wp-json\/wp\/v2\/media?parent=3387"}],"curies":[{"name":"wp","href":"https:\/\/api.w.org\/{rel}","templated":true}]}}